{"id":7490,"date":"2021-12-02T11:46:20","date_gmt":"2021-12-02T09:46:20","guid":{"rendered":"https:\/\/oikeustieteet.fi\/hakuohjeet"},"modified":"2025-11-20T09:24:35","modified_gmt":"2025-11-20T07:24:35","slug":"anvisningar-for-ansokan","status":"publish","type":"page","link":"https:\/\/oikeustieteet.fi\/sv\/anvisningar-for-ansokan","title":{"rendered":"Anvisningar f\u00f6r ans\u00f6kan"},"content":{"rendered":"[vc_row type=&#8221;full_width_background&#8221; full_screen_row_position=&#8221;middle&#8221; column_margin=&#8221;default&#8221; column_direction=&#8221;default&#8221; column_direction_tablet=&#8221;default&#8221; column_direction_phone=&#8221;default&#8221; bg_image=&#8221;6361&#8243; bg_position=&#8221;center center&#8221; background_image_loading=&#8221;default&#8221; bg_repeat=&#8221;no-repeat&#8221; scene_position=&#8221;center&#8221; top_padding=&#8221;20%&#8221; bottom_padding=&#8221;5%&#8221; top_padding_phone=&#8221;50%&#8221; text_color=&#8221;dark&#8221; text_align=&#8221;left&#8221; row_border_radius=&#8221;none&#8221; row_border_radius_applies=&#8221;bg&#8221; overflow=&#8221;visible&#8221; enable_gradient=&#8221;true&#8221; color_overlay_2=&#8221;#ffffff&#8221; overlay_strength=&#8221;0.3&#8243; gradient_direction=&#8221;top_to_bottom&#8221; shape_divider_color=&#8221;#ffffff&#8221; shape_divider_position=&#8221;bottom&#8221; shape_divider_height=&#8221;250&#8243; shape_divider_height_phone=&#8221;350&#8243; bg_image_animation=&#8221;zoom-out-slow&#8221; shape_type=&#8221;tilt&#8221;][vc_column column_padding=&#8221;no-extra-padding&#8221; column_padding_tablet=&#8221;inherit&#8221; column_padding_phone=&#8221;inherit&#8221; column_padding_position=&#8221;all&#8221; bottom_margin_phone=&#8221;-50%&#8221; column_element_direction_desktop=&#8221;default&#8221; column_element_spacing=&#8221;default&#8221; desktop_text_alignment=&#8221;default&#8221; tablet_text_alignment=&#8221;default&#8221; phone_text_alignment=&#8221;default&#8221; background_color_opacity=&#8221;1&#8243; background_hover_color_opacity=&#8221;1&#8243; column_backdrop_filter=&#8221;none&#8221; column_shadow=&#8221;none&#8221; column_border_radius=&#8221;none&#8221; column_link_target=&#8221;_self&#8221; column_position=&#8221;default&#8221; gradient_direction=&#8221;left_to_right&#8221; overlay_strength=&#8221;0.3&#8243; width=&#8221;3\/5&#8243; tablet_width_inherit=&#8221;default&#8221; animation_type=&#8221;default&#8221; bg_image_animation=&#8221;none&#8221; border_type=&#8221;simple&#8221; column_border_width=&#8221;none&#8221; column_border_style=&#8221;solid&#8221;][nectar_highlighted_text color_type=&#8221;regular&#8221; highlight_color=&#8221;#ffffff&#8221; text_color=&#8221;#323232&#8243; style=&#8221;full_text&#8221; highlight_expansion=&#8221;default&#8221; text_direction=&#8221;default&#8221;]\n<h1><em>Anvisningar f\u00f6r ans\u00f6kan<\/em><\/h1>\n[\/nectar_highlighted_text][\/vc_column][vc_column column_padding=&#8221;no-extra-padding&#8221; column_padding_tablet=&#8221;inherit&#8221; column_padding_phone=&#8221;inherit&#8221; column_padding_position=&#8221;all&#8221; column_element_direction_desktop=&#8221;default&#8221; column_element_spacing=&#8221;default&#8221; desktop_text_alignment=&#8221;default&#8221; tablet_text_alignment=&#8221;default&#8221; phone_text_alignment=&#8221;default&#8221; background_color_opacity=&#8221;1&#8243; background_hover_color_opacity=&#8221;1&#8243; column_backdrop_filter=&#8221;none&#8221; column_shadow=&#8221;none&#8221; column_border_radius=&#8221;none&#8221; column_link_target=&#8221;_self&#8221; column_position=&#8221;default&#8221; gradient_direction=&#8221;left_to_right&#8221; overlay_strength=&#8221;0.3&#8243; width=&#8221;2\/5&#8243; tablet_width_inherit=&#8221;default&#8221; animation_type=&#8221;default&#8221; bg_image_animation=&#8221;none&#8221; border_type=&#8221;simple&#8221; column_border_width=&#8221;none&#8221; column_border_style=&#8221;solid&#8221;][\/vc_column][\/vc_row][vc_row type=&#8221;in_container&#8221; full_screen_row_position=&#8221;middle&#8221; column_margin=&#8221;50px&#8221; column_direction=&#8221;default&#8221; column_direction_tablet=&#8221;default&#8221; column_direction_phone=&#8221;default&#8221; scene_position=&#8221;center&#8221; top_padding=&#8221;5%&#8221; bottom_padding=&#8221;3%&#8221; top_padding_tablet=&#8221;7%&#8221; top_padding_phone=&#8221;15%&#8221; text_color=&#8221;dark&#8221; text_align=&#8221;left&#8221; row_border_radius=&#8221;none&#8221; row_border_radius_applies=&#8221;bg&#8221; overflow=&#8221;visible&#8221; advanced_gradient_angle=&#8221;0&#8243; overlay_strength=&#8221;0.3&#8243; gradient_direction=&#8221;left_to_right&#8221; shape_divider_position=&#8221;bottom&#8221; bg_image_animation=&#8221;none&#8221; shape_type=&#8221;&#8221; gradient_type=&#8221;default&#8221;][vc_column column_padding=&#8221;no-extra-padding&#8221; column_padding_tablet=&#8221;inherit&#8221; column_padding_phone=&#8221;inherit&#8221; column_padding_position=&#8221;all&#8221; column_element_direction_desktop=&#8221;default&#8221; column_element_spacing=&#8221;default&#8221; desktop_text_alignment=&#8221;default&#8221; tablet_text_alignment=&#8221;default&#8221; phone_text_alignment=&#8221;default&#8221; background_color_opacity=&#8221;1&#8243; background_hover_color_opacity=&#8221;1&#8243; column_backdrop_filter=&#8221;none&#8221; column_shadow=&#8221;none&#8221; column_border_radius=&#8221;none&#8221; column_link_target=&#8221;_self&#8221; column_position=&#8221;default&#8221; gradient_direction=&#8221;left_to_right&#8221; overlay_strength=&#8221;0.3&#8243; width=&#8221;2\/3&#8243; tablet_width_inherit=&#8221;default&#8221; animation_type=&#8221;default&#8221; bg_image_animation=&#8221;none&#8221; border_type=&#8221;simple&#8221; column_border_width=&#8221;none&#8221; column_border_style=&#8221;solid&#8221;][vc_custom_heading text=&#8221;Att s\u00f6ka i den nationella gemensamma ans\u00f6kan&#8221; use_theme_fonts=&#8221;yes&#8221; css=&#8221;&#8221;][divider line_type=&#8221;No Line&#8221; custom_height=&#8221;20&#8243;][vc_column_text css=&#8221;&#8221; max_width=&#8221;900&#8243; text_direction=&#8221;default&#8221;]Helsingfors universitet, Lapplands universitet, \u00c5bo Akademi, \u00c5bo universitet och \u00d6stra Finlands universitet \u00e4r med i det antagningssamarbete i juridik. Universiteten har ett gemensamt urvalsprov och till\u00e4mpar gemensamma antagningskriterier. Du f\u00e5r r\u00e4tt att avl\u00e4gga b\u00e5de r\u00e4ttsnotarieexamen (RN) och juris magisterexamen (JM).[\/vc_column_text][vc_column_text css=&#8221;&#8221; text_direction=&#8221;default&#8221;]Bekanta dig med <a href=\"https:\/\/oikeustieteet.fi\/sv\/ansokningsbehorighet\"><span style=\"color: #0000ff;\">ans\u00f6kningsbeh\u00f6righeten<\/span><\/a>. Till ans\u00f6kningsm\u00e5len i det antagningssamarbete i juridik s\u00f6ker man i h\u00f6gskolornas nationella gemensamma ans\u00f6kan i <a href=\"https:\/\/opintopolku.fi\/konfo\/sv\/koulutus\/1.2.246.562.13.00000000000000001003\" target=\"_blank\" rel=\"noopener\"><strong><span style=\"color: #0000ff;\">Studieinfo<\/span><\/strong><\/a>. I Studieinfo hittar du information om universitetsutbildningar samt instruktioner f\u00f6r ans\u00f6kan.[\/vc_column_text][divider line_type=&#8221;No Line&#8221; custom_height=&#8221;30&#8243; custom_height_tablet=&#8221;15&#8243; custom_height_phone=&#8221;15&#8243;][nectar_rotating_words_title heading_tag=&#8221;h3&#8243; beginning_text=&#8221;Ans\u00f6kningstiden b\u00f6rjar 10.3.2026 kl. 8:00&#8243; ending_text=&#8221;och avslutas 24.3.2026 kl. 15.00&#8243; duration=&#8221;1500&#8243; text_color=&#8221;#1e6555&#8243; dynamic_heading_tag=&#8221;default&#8221; element_animation=&#8221;stagger_words&#8221; mobile_display=&#8221;inline&#8221; text_direction=&#8221;default&#8221;][divider line_type=&#8221;No Line&#8221; custom_height=&#8221;20&#8243;][vc_custom_heading text=&#8221;Bilagor&#8221; font_container=&#8221;tag:h3|text_align:left&#8221; use_theme_fonts=&#8221;yes&#8221; css=&#8221;&#8221;][divider line_type=&#8221;No Line&#8221; custom_height=&#8221;20&#8243;][vc_column_text css=&#8221;&#8221; text_direction=&#8221;default&#8221;]<strong>Bilagorna ska laddas upp elektroniskt p\u00e5 ans\u00f6kningsblanketten i Studieinfo senast 31.3.2026 kl. 15:00, <\/strong>se undantag och specificeringar nedan.<\/p>\n<p><strong>Finl\u00e4ndsk studentexamen<\/strong><\/p>\n<ul>\n<li>Om du har avlagt studentexamen \u00e5r 1990 eller senare, beh\u00f6ver du inte l\u00e4mna in en kopia av ditt studentexamensbetyg. Vi f\u00e5r informationen fr\u00e5n Studentexamensn\u00e4mnden.<\/li>\n<li>Om du har avlagt studentexamen \u00e5r 1989 eller tidigare, ladda upp en kopia av ditt studentexamensbetyg p\u00e5 ans\u00f6kningsblanketten.<\/li>\n<\/ul>\n<p><strong>Yrkesinriktad grundexamen, yrkesexamen eller specialyrkesexamen<\/strong><\/p>\n<ul>\n<li>Om du har avlagt din examen f\u00f6re v\u00e5ren 2018, ladda upp en kopia av examensbetyget p\u00e5 ans\u00f6kningsblanketten senast 31.3.2026 kl. 15.00.<\/li>\n<li>Om du har avlagt din yrkesinriktade grundexamen p\u00e5 \u00c5land, ladda upp en kopia av examensbetyget p\u00e5 ans\u00f6kningsblanketten senast 31.3.2026 kl. 15.00.<\/li>\n<li>Om du har avlagt din examen \u00e5r 2018 eller senare, beh\u00f6ver du inte leverera en kopia p\u00e5 examensbetyget. Vi f\u00e5r informationen fr\u00e5n Utbildningsstyrelsens register<\/li>\n<\/ul>\n<p><strong>Obs!<\/strong> Om du avl\u00e4gger din examen under ans\u00f6kningsv\u00e5ren, m\u00e5ste du bli utexaminerad senast 12.6.2026, d\u00e5 ocks\u00e5 examensinformationen b\u00f6r hittas via Studieinfos prestationsregister.<\/p>\n<p><strong>IB-examen<\/strong><\/p>\n<ul>\n<li>Om du har avlagt IB-examen f\u00f6re v\u00e5ren 2026, ladda upp en kopia av din IB-diploma p\u00e5 ans\u00f6kningsblanketten.<\/li>\n<li>Om du avl\u00e4gger IB-examen under ans\u00f6kningsv\u00e5ren, ladda upp predicted grades-utl\u00e5tande p\u00e5 ans\u00f6kningsblanketten senast 31.3.2026 kl. 15.00. De slutliga vitsorden ska levereras senast 9.7.2026 kl. 15.00.<\/li>\n<\/ul>\n<p><strong>EB-examen<\/strong><\/p>\n<ul>\n<li>Om du har avlagt EB-examen f\u00f6re v\u00e5ren 2026, ladda upp en kopia av ditt examensbetyg p\u00e5 ans\u00f6kningsblanketten senast 31.3.2026 kl. 15.00.<\/li>\n<li>Om du avl\u00e4gger EB-examen under ans\u00f6kningsv\u00e5ren, ladda upp anm\u00e4lan \u00f6ver prelimin\u00e4ra vitsord p\u00e5 ans\u00f6kningsblanketten senast 31.3.2026 kl. 15.00 och ladda upp de slutgiltiga vitsorden p\u00e5 ans\u00f6kningsblanketten senast 9.7.2026 kl. 15.00.<\/li>\n<\/ul>\n<p><strong>DIA-\/RP-examen<\/strong><\/p>\n<ul>\n<li>Om du har avlagt examen f\u00f6re v\u00e5ren 2026, ladda upp en kopia av ditt examensbetyg inklusive bilagor och information om de slutgiltiga vitsorden p\u00e5 ans\u00f6kningsblanketten senast 31.3.2026 kl. 15.00.<\/li>\n<li>Om du avl\u00e4gger DIA-\/RP-examen under ans\u00f6kningsv\u00e5ren, ladda upp en kopia p\u00e5 de slutgiltiga vitsorden p\u00e5 ans\u00f6kningsblanketten senast 29.4.2026 kl. 15.00.<\/li>\n<\/ul>\n<p><strong>Annan examen<\/strong><\/p>\n<ul>\n<li><em>S\u00f6kande som avlagt yrkesh\u00f6gskole- eller universitetsexamen<\/em>: Om du inte har avlagt n\u00e5gon av de examina som n\u00e4mns ovan och som ger allm\u00e4n h\u00f6gskolebeh\u00f6righet, kan du p\u00e5visa din beh\u00f6righet genom en avlagd yrkesh\u00f6gskole- eller universitetsexamen. En kopia av examensbetyget ska laddas upp p\u00e5 ans\u00f6kningsblanketten senast 31.3.2026 kl. 15:00.<\/li>\n<li><em>S\u00f6kande som avlagt AICE-examen<\/em>: \u00e4ven personer som har avlagt examen f\u00f6r Cambridge Advanced International Certificate of Education (AICE) \u00e4r beh\u00f6riga att ans\u00f6ka. En kopia av examensbetyget ska laddas upp p\u00e5 ans\u00f6kningsblanketten senast 31.3.2026 kl. 15:00.<\/li>\n<\/ul>\n<p><strong>Utl\u00e4ndsk h\u00f6gskolebeh\u00f6righet<\/strong><\/p>\n<ul>\n<li>Om du har avlagt examen f\u00f6re v\u00e5ren 2026, ladda upp en kopia av examensbetyget och en \u00f6vers\u00e4ttning p\u00e5 finska, svenska eller engelska (ifall det ursprungliga dokumentet inte \u00e4r p\u00e5 finska, svenska eller engelska) p\u00e5 ans\u00f6kningsblanketten senast 31.3.2026 kl. 15.00.<\/li>\n<li>Om du avl\u00e4gger din examen under ans\u00f6kningsv\u00e5ren, ladda upp en kopia av ditt senaste skolbetyg eller ett intyg \u00f6ver p\u00e5g\u00e5ende studier (som inneh\u00e5ller information om examen som avl\u00e4ggs och ber\u00e4knad utexamineringstid) och en \u00f6vers\u00e4ttning p\u00e5 finska, svenska eller engelska (ifall det ursprungliga dokumentet inte \u00e4r p\u00e5 finska, svenska eller engelska) p\u00e5 ans\u00f6kningsblanketten senast 31.3.2026 kl. 15:00. <em>En kopia av det slutliga examensbetyget och en \u00f6vers\u00e4ttning p\u00e5 finska, svenska eller engelska (ifall det ursprungliga dokumentet \u00e4r p\u00e5 ett annat spr\u00e5k) ska l\u00e4mnas in till universitetet senast 9.7.2026 kl.<\/em> 15.00.<\/li>\n<\/ul>\n[\/vc_column_text][divider line_type=&#8221;No Line&#8221; custom_height=&#8221;30&#8243; custom_height_tablet=&#8221;15&#8243; custom_height_phone=&#8221;15&#8243;][nectar_btn size=&#8221;jumbo&#8221; open_new_tab=&#8221;true&#8221; button_style=&#8221;regular&#8221; button_color_2=&#8221;Extra-Color-1&#8243; icon_family=&#8221;default_arrow&#8221; text=&#8221;Studieinfo.fi&#8221; url=&#8221;https:\/\/opintopolku.fi\/konfo\/sv\/&#8221;][\/vc_column][vc_column column_padding=&#8221;padding-3-percent&#8221; column_padding_tablet=&#8221;inherit&#8221; column_padding_phone=&#8221;inherit&#8221; column_padding_position=&#8221;all&#8221; column_element_direction_desktop=&#8221;default&#8221; column_element_spacing=&#8221;default&#8221; desktop_text_alignment=&#8221;default&#8221; tablet_text_alignment=&#8221;default&#8221; phone_text_alignment=&#8221;default&#8221; background_color=&#8221;#f7f7f7&#8243; background_color_opacity=&#8221;1&#8243; background_hover_color_opacity=&#8221;1&#8243; column_backdrop_filter=&#8221;none&#8221; column_shadow=&#8221;none&#8221; column_border_radius=&#8221;none&#8221; column_link_target=&#8221;_self&#8221; column_position=&#8221;default&#8221; advanced_gradient_angle=&#8221;0&#8243; gradient_direction=&#8221;left_to_right&#8221; overlay_strength=&#8221;0.3&#8243; width=&#8221;1\/3&#8243; tablet_width_inherit=&#8221;default&#8221; animation_type=&#8221;default&#8221; bg_image_animation=&#8221;none&#8221; border_type=&#8221;simple&#8221; column_border_width=&#8221;none&#8221; column_border_style=&#8221;solid&#8221; gradient_type=&#8221;default&#8221;][vc_custom_heading text=&#8221;I det antagningssamarbete i juridik medverkar&#8221; font_container=&#8221;tag:h4|text_align:left&#8221; use_theme_fonts=&#8221;yes&#8221; css=&#8221;&#8221;][divider line_type=&#8221;No Line&#8221; custom_height=&#8221;30&#8243; custom_height_tablet=&#8221;15&#8243; custom_height_phone=&#8221;15&#8243;][clients columns=&#8221;2&#8243; hover_effect=&#8221;opacity&#8221; additional_padding=&#8221;2&#8243;][client image=&#8221;6235&#8243; url_target=&#8221;_blank&#8221; title=&#8221;Client&#8221; id=&#8221;1763623413409-5&#8243; tab_id=&#8221;1763623413409-10&#8243; url=&#8221;https:\/\/www.utu.fi\/fi&#8221;] Click the edit button to add your testimonial. [\/client][client image=&#8221;6249&#8243; url_target=&#8221;_blank&#8221; title=&#8221;Client&#8221; id=&#8221;1763623413422-9&#8243; tab_id=&#8221;1763623413422-4&#8243; url=&#8221;https:\/\/www.ulapland.fi\/FI&#8221;] Click the edit button to add your testimonial. [\/client][client image=&#8221;6256&#8243; url_target=&#8221;_blank&#8221; title=&#8221;Client&#8221; id=&#8221;1763623413431-3&#8243; tab_id=&#8221;1763623413432-4&#8243; url=&#8221;https:\/\/www.helsinki.fi\/sv&#8221;] Click the edit button to add your testimonial. [\/client][client image=&#8221;6234&#8243; url_target=&#8221;_blank&#8221; title=&#8221;Client&#8221; id=&#8221;1763623413441-8&#8243; tab_id=&#8221;1763623413442-4&#8243; url=&#8221;https:\/\/www.uef.fi\/fi\/&#8221;] Click the edit button to add your testimonial. [\/client][client image=&#8221;7455&#8243; url_target=&#8221;_blank&#8221; title=&#8221;Client&#8221; id=&#8221;1763623413450-5&#8243; tab_id=&#8221;1763623413451-4&#8243; url=&#8221;https:\/\/www.abo.fi\/&#8221;][\/client][\/clients][\/vc_column][\/vc_row]\n","protected":false},"excerpt":{"rendered":"<p>[vc_row type=&#8221;full_width_background&#8221; full_screen_row_position=&#8221;middle&#8221; column_margin=&#8221;default&#8221; column_direction=&#8221;default&#8221; column_direction_tablet=&#8221;default&#8221; column_direction_phone=&#8221;default&#8221; bg_image=&#8221;6361&#8243; bg_position=&#8221;center center&#8221; background_image_loading=&#8221;default&#8221; bg_repeat=&#8221;no-repeat&#8221; scene_position=&#8221;center&#8221; top_padding=&#8221;20%&#8221; bottom_padding=&#8221;5%&#8221; top_padding_phone=&#8221;50%&#8221; text_color=&#8221;dark&#8221; text_align=&#8221;left&#8221; row_border_radius=&#8221;none&#8221; row_border_radius_applies=&#8221;bg&#8221; overflow=&#8221;visible&#8221; enable_gradient=&#8221;true&#8221; color_overlay_2=&#8221;#ffffff&#8221; overlay_strength=&#8221;0.3&#8243; gradient_direction=&#8221;top_to_bottom&#8221; shape_divider_color=&#8221;#ffffff&#8221; shape_divider_position=&#8221;bottom&#8221; shape_divider_height=&#8221;250&#8243; shape_divider_height_phone=&#8221;350&#8243; bg_image_animation=&#8221;zoom-out-slow&#8221;&#8230;<\/p>\n","protected":false},"author":1,"featured_media":0,"parent":0,"menu_order":0,"comment_status":"closed","ping_status":"closed","template":"","meta":{"footnotes":""},"class_list":["post-7490","page","type-page","status-publish"],"yoast_head":"<!-- This site is optimized with the Yoast SEO plugin v25.4 - https:\/\/yoast.com\/wordpress\/plugins\/seo\/ -->\n<title>Anvisningar f\u00f6r ans\u00f6kan - Oikeustieteet.fi<\/title>\n<meta name=\"robots\" content=\"index, follow, max-snippet:-1, max-image-preview:large, max-video-preview:-1\" \/>\n<link rel=\"canonical\" href=\"https:\/\/oikeustieteet.fi\/sv\/anvisningar-for-ansokan\" \/>\n<meta property=\"og:locale\" content=\"sv_SE\" \/>\n<meta property=\"og:type\" content=\"article\" \/>\n<meta property=\"og:title\" content=\"Anvisningar f\u00f6r ans\u00f6kan - Oikeustieteet.fi\" \/>\n<meta property=\"og:description\" content=\"[vc_row type=&#8221;full_width_background&#8221; full_screen_row_position=&#8221;middle&#8221; column_margin=&#8221;default&#8221; column_direction=&#8221;default&#8221; column_direction_tablet=&#8221;default&#8221; column_direction_phone=&#8221;default&#8221; bg_image=&#8221;6361&#8243; bg_position=&#8221;center center&#8221; background_image_loading=&#8221;default&#8221; bg_repeat=&#8221;no-repeat&#8221; scene_position=&#8221;center&#8221; top_padding=&#8221;20%&#8221; bottom_padding=&#8221;5%&#8221; top_padding_phone=&#8221;50%&#8221; text_color=&#8221;dark&#8221; text_align=&#8221;left&#8221; row_border_radius=&#8221;none&#8221; row_border_radius_applies=&#8221;bg&#8221; overflow=&#8221;visible&#8221; enable_gradient=&#8221;true&#8221; color_overlay_2=&#8221;#ffffff&#8221; overlay_strength=&#8221;0.3&#8243; gradient_direction=&#8221;top_to_bottom&#8221; shape_divider_color=&#8221;#ffffff&#8221; shape_divider_position=&#8221;bottom&#8221; shape_divider_height=&#8221;250&#8243; shape_divider_height_phone=&#8221;350&#8243; bg_image_animation=&#8221;zoom-out-slow&#8221;...\" \/>\n<meta property=\"og:url\" content=\"https:\/\/oikeustieteet.fi\/sv\/anvisningar-for-ansokan\" \/>\n<meta property=\"og:site_name\" content=\"Oikeustieteet.fi\" \/>\n<meta property=\"article:modified_time\" content=\"2025-11-20T07:24:35+00:00\" \/>\n<meta property=\"og:image\" content=\"https:\/\/oikeustieteet.fi\/wp-content\/uploads\/2022\/02\/Oikeustieteet_somekuva.jpg\" \/>\n\t<meta property=\"og:image:width\" content=\"1200\" \/>\n\t<meta property=\"og:image:height\" content=\"630\" \/>\n\t<meta property=\"og:image:type\" content=\"image\/jpeg\" \/>\n<meta name=\"twitter:card\" content=\"summary_large_image\" \/>\n<meta name=\"twitter:label1\" content=\"Ber\u00e4knad l\u00e4stid\" \/>\n\t<meta name=\"twitter:data1\" content=\"6 minuter\" \/>\n<script type=\"application\/ld+json\" class=\"yoast-schema-graph\">{\"@context\":\"https:\/\/schema.org\",\"@graph\":[{\"@type\":\"WebPage\",\"@id\":\"https:\/\/oikeustieteet.fi\/sv\/anvisningar-for-ansokan\",\"url\":\"https:\/\/oikeustieteet.fi\/sv\/anvisningar-for-ansokan\",\"name\":\"Anvisningar f\u00f6r ans\u00f6kan - Oikeustieteet.fi\",\"isPartOf\":{\"@id\":\"https:\/\/oikeustieteet.fi\/sv#website\"},\"datePublished\":\"2021-12-02T09:46:20+00:00\",\"dateModified\":\"2025-11-20T07:24:35+00:00\",\"breadcrumb\":{\"@id\":\"https:\/\/oikeustieteet.fi\/sv\/anvisningar-for-ansokan#breadcrumb\"},\"inLanguage\":\"sv-SE\",\"potentialAction\":[{\"@type\":\"ReadAction\",\"target\":[\"https:\/\/oikeustieteet.fi\/sv\/anvisningar-for-ansokan\"]}]},{\"@type\":\"BreadcrumbList\",\"@id\":\"https:\/\/oikeustieteet.fi\/sv\/anvisningar-for-ansokan#breadcrumb\",\"itemListElement\":[{\"@type\":\"ListItem\",\"position\":1,\"name\":\"Etusivu\",\"item\":\"https:\/\/oikeustieteet.fi\/sv\"},{\"@type\":\"ListItem\",\"position\":2,\"name\":\"Anvisningar f\u00f6r ans\u00f6kan\"}]},{\"@type\":\"WebSite\",\"@id\":\"https:\/\/oikeustieteet.fi\/sv#website\",\"url\":\"https:\/\/oikeustieteet.fi\/sv\",\"name\":\"Oikeustieteet.fi\",\"description\":\"Oikeustieteellisen alan yhteisvalinta\",\"publisher\":{\"@id\":\"https:\/\/oikeustieteet.fi\/sv#organization\"},\"potentialAction\":[{\"@type\":\"SearchAction\",\"target\":{\"@type\":\"EntryPoint\",\"urlTemplate\":\"https:\/\/oikeustieteet.fi\/sv?s={search_term_string}\"},\"query-input\":{\"@type\":\"PropertyValueSpecification\",\"valueRequired\":true,\"valueName\":\"search_term_string\"}}],\"inLanguage\":\"sv-SE\"},{\"@type\":\"Organization\",\"@id\":\"https:\/\/oikeustieteet.fi\/sv#organization\",\"name\":\"Oikeustieteet.fi\",\"url\":\"https:\/\/oikeustieteet.fi\/sv\",\"logo\":{\"@type\":\"ImageObject\",\"inLanguage\":\"sv-SE\",\"@id\":\"https:\/\/oikeustieteet.fi\/sv#\/schema\/logo\/image\/\",\"url\":\"https:\/\/oikeustieteet.fi\/wp-content\/uploads\/2021\/12\/oikeustieteet_logo_1200.png\",\"contentUrl\":\"https:\/\/oikeustieteet.fi\/wp-content\/uploads\/2021\/12\/oikeustieteet_logo_1200.png\",\"width\":1200,\"height\":122,\"caption\":\"Oikeustieteet.fi\"},\"image\":{\"@id\":\"https:\/\/oikeustieteet.fi\/sv#\/schema\/logo\/image\/\"}}]}<\/script>\n<!-- \/ Yoast SEO plugin. -->","yoast_head_json":{"title":"Anvisningar f\u00f6r ans\u00f6kan - Oikeustieteet.fi","robots":{"index":"index","follow":"follow","max-snippet":"max-snippet:-1","max-image-preview":"max-image-preview:large","max-video-preview":"max-video-preview:-1"},"canonical":"https:\/\/oikeustieteet.fi\/sv\/anvisningar-for-ansokan","og_locale":"sv_SE","og_type":"article","og_title":"Anvisningar f\u00f6r ans\u00f6kan - Oikeustieteet.fi","og_description":"[vc_row type=&#8221;full_width_background&#8221; full_screen_row_position=&#8221;middle&#8221; column_margin=&#8221;default&#8221; column_direction=&#8221;default&#8221; column_direction_tablet=&#8221;default&#8221; column_direction_phone=&#8221;default&#8221; bg_image=&#8221;6361&#8243; bg_position=&#8221;center center&#8221; background_image_loading=&#8221;default&#8221; bg_repeat=&#8221;no-repeat&#8221; scene_position=&#8221;center&#8221; top_padding=&#8221;20%&#8221; bottom_padding=&#8221;5%&#8221; top_padding_phone=&#8221;50%&#8221; text_color=&#8221;dark&#8221; text_align=&#8221;left&#8221; row_border_radius=&#8221;none&#8221; row_border_radius_applies=&#8221;bg&#8221; overflow=&#8221;visible&#8221; enable_gradient=&#8221;true&#8221; color_overlay_2=&#8221;#ffffff&#8221; overlay_strength=&#8221;0.3&#8243; gradient_direction=&#8221;top_to_bottom&#8221; shape_divider_color=&#8221;#ffffff&#8221; shape_divider_position=&#8221;bottom&#8221; shape_divider_height=&#8221;250&#8243; shape_divider_height_phone=&#8221;350&#8243; bg_image_animation=&#8221;zoom-out-slow&#8221;...","og_url":"https:\/\/oikeustieteet.fi\/sv\/anvisningar-for-ansokan","og_site_name":"Oikeustieteet.fi","article_modified_time":"2025-11-20T07:24:35+00:00","og_image":[{"width":1200,"height":630,"url":"https:\/\/oikeustieteet.fi\/wp-content\/uploads\/2022\/02\/Oikeustieteet_somekuva.jpg","type":"image\/jpeg"}],"twitter_card":"summary_large_image","twitter_misc":{"Ber\u00e4knad l\u00e4stid":"6 minuter"},"schema":{"@context":"https:\/\/schema.org","@graph":[{"@type":"WebPage","@id":"https:\/\/oikeustieteet.fi\/sv\/anvisningar-for-ansokan","url":"https:\/\/oikeustieteet.fi\/sv\/anvisningar-for-ansokan","name":"Anvisningar f\u00f6r ans\u00f6kan - Oikeustieteet.fi","isPartOf":{"@id":"https:\/\/oikeustieteet.fi\/sv#website"},"datePublished":"2021-12-02T09:46:20+00:00","dateModified":"2025-11-20T07:24:35+00:00","breadcrumb":{"@id":"https:\/\/oikeustieteet.fi\/sv\/anvisningar-for-ansokan#breadcrumb"},"inLanguage":"sv-SE","potentialAction":[{"@type":"ReadAction","target":["https:\/\/oikeustieteet.fi\/sv\/anvisningar-for-ansokan"]}]},{"@type":"BreadcrumbList","@id":"https:\/\/oikeustieteet.fi\/sv\/anvisningar-for-ansokan#breadcrumb","itemListElement":[{"@type":"ListItem","position":1,"name":"Etusivu","item":"https:\/\/oikeustieteet.fi\/sv"},{"@type":"ListItem","position":2,"name":"Anvisningar f\u00f6r ans\u00f6kan"}]},{"@type":"WebSite","@id":"https:\/\/oikeustieteet.fi\/sv#website","url":"https:\/\/oikeustieteet.fi\/sv","name":"Oikeustieteet.fi","description":"Oikeustieteellisen alan yhteisvalinta","publisher":{"@id":"https:\/\/oikeustieteet.fi\/sv#organization"},"potentialAction":[{"@type":"SearchAction","target":{"@type":"EntryPoint","urlTemplate":"https:\/\/oikeustieteet.fi\/sv?s={search_term_string}"},"query-input":{"@type":"PropertyValueSpecification","valueRequired":true,"valueName":"search_term_string"}}],"inLanguage":"sv-SE"},{"@type":"Organization","@id":"https:\/\/oikeustieteet.fi\/sv#organization","name":"Oikeustieteet.fi","url":"https:\/\/oikeustieteet.fi\/sv","logo":{"@type":"ImageObject","inLanguage":"sv-SE","@id":"https:\/\/oikeustieteet.fi\/sv#\/schema\/logo\/image\/","url":"https:\/\/oikeustieteet.fi\/wp-content\/uploads\/2021\/12\/oikeustieteet_logo_1200.png","contentUrl":"https:\/\/oikeustieteet.fi\/wp-content\/uploads\/2021\/12\/oikeustieteet_logo_1200.png","width":1200,"height":122,"caption":"Oikeustieteet.fi"},"image":{"@id":"https:\/\/oikeustieteet.fi\/sv#\/schema\/logo\/image\/"}}]}},"_links":{"self":[{"href":"https:\/\/oikeustieteet.fi\/sv\/wp-json\/wp\/v2\/pages\/7490","targetHints":{"allow":["GET"]}}],"collection":[{"href":"https:\/\/oikeustieteet.fi\/sv\/wp-json\/wp\/v2\/pages"}],"about":[{"href":"https:\/\/oikeustieteet.fi\/sv\/wp-json\/wp\/v2\/types\/page"}],"author":[{"embeddable":true,"href":"https:\/\/oikeustieteet.fi\/sv\/wp-json\/wp\/v2\/users\/1"}],"replies":[{"embeddable":true,"href":"https:\/\/oikeustieteet.fi\/sv\/wp-json\/wp\/v2\/comments?post=7490"}],"version-history":[{"count":8,"href":"https:\/\/oikeustieteet.fi\/sv\/wp-json\/wp\/v2\/pages\/7490\/revisions"}],"predecessor-version":[{"id":7730,"href":"https:\/\/oikeustieteet.fi\/sv\/wp-json\/wp\/v2\/pages\/7490\/revisions\/7730"}],"wp:attachment":[{"href":"https:\/\/oikeustieteet.fi\/sv\/wp-json\/wp\/v2\/media?parent=7490"}],"curies":[{"name":"wp","href":"https:\/\/api.w.org\/{rel}","templated":true}]}}